{"id":462,"date":"2025-11-18T18:14:54","date_gmt":"2025-11-18T18:14:54","guid":{"rendered":"https:\/\/dadide.nl\/?page_id=462"},"modified":"2025-11-25T21:48:35","modified_gmt":"2025-11-25T21:48:35","slug":"cadeaubon-dadide-het-perfecte-cadeau-voor-elke-hondenliefhebber","status":"publish","type":"page","link":"https:\/\/dadide.nl\/index.php\/cadeaubon-dadide-het-perfecte-cadeau-voor-elke-hondenliefhebber\/","title":{"rendered":"Cadeaubon Dadid\u00e9 \u2013 het perfecte cadeau voor elke hondenliefhebber"},"content":{"rendered":"\n<h4 class=\"wp-block-heading\"><em>Wil je een origineel cadeau geven aan iemand met een hond? Met de Cadeaubon van Dadid\u00e9 geef je een unieke ervaring: een veilige, afgesloten en stimulerende hondenspeeltuin waar <strong>\u00e9\u00e9n hond per sessie<\/strong>, <strong>altijd met begeleiding<\/strong>, kan rennen, spelen, snuffelen en ontdekken! Het ideale cadeau voor de hond \u00e9n zijn baas.<\/em><\/h4>\n\n\n<div class=\"wp-block-image is-style-default\">\n<figure class=\"aligncenter size-large is-resized\"><img loading=\"lazy\" decoding=\"async\" width=\"800\" height=\"1024\" src=\"https:\/\/dadide.nl\/wp-content\/uploads\/2025\/11\/Afbeelding-cadeaubon-Leeg-800x1024.png\" alt=\"\" class=\"wp-image-504\" style=\"width:356px;height:auto\" srcset=\"https:\/\/dadide.nl\/wp-content\/uploads\/2025\/11\/Afbeelding-cadeaubon-Leeg-800x1024.png 800w, https:\/\/dadide.nl\/wp-content\/uploads\/2025\/11\/Afbeelding-cadeaubon-Leeg-235x300.png 235w, https:\/\/dadide.nl\/wp-content\/uploads\/2025\/11\/Afbeelding-cadeaubon-Leeg-768x983.png 768w, https:\/\/dadide.nl\/wp-content\/uploads\/2025\/11\/Afbeelding-cadeaubon-Leeg.png 938w\" sizes=\"auto, (max-width: 800px) 100vw, 800px\" \/><\/figure>\n<\/div>\n\n\n<h2 class=\"wp-block-heading\"><strong>Over de Cadeaubon<\/strong><\/h2>\n\n\n\n<p>Op de cadeaubon staat duidelijk vermeld hoeveel speelsessies zijn inbegrepen, zodat de ontvanger precies weet waar hij of zij recht op heeft. De prijs voor <strong>\u00e9\u00e9n speelsessie bedraagt \u20ac15<\/strong>. Daarnaast is de cadeaubon <strong>\u00e9\u00e9n jaar geldig<\/strong> vanaf de uitgiftedatum, waardoor er ruim de tijd is om een passend moment te kiezen om de speelsessies in te plannen.<\/p>\n\n\n\n<hr class=\"wp-block-separator has-alpha-channel-opacity\"\/>\n\n\n\n<h2 class=\"wp-block-heading\"><strong>Zo bestel je de cadeaubon:<\/strong><\/h2>\n\n\n\n<ol class=\"wp-block-list\">\n<li>Vul het <strong>bestelformulier<\/strong> in<\/li>\n\n\n\n<li>Betaal eenvoudig via de onderstaande <strong>betaallink<\/strong> of per overschrijving.<\/li>\n<\/ol>\n\n\n\n<p>Na ontvangst van het bestelformulier en de betaling krijg je zo spoedig mogelijk de <strong>gepersonaliseerde cadeaubon per e-mail<\/strong> toegestuurd als printbare PDF. Ideaal om direct cadeau te doen of zelf te printen.<\/p>\n\n\n\n<p><\/p>\n\n\n\n<h2 class=\"wp-block-heading\">1. Bestelformulier Cadeaubon Dadid\u00e9<\/h2>\n\n\n<style id=\"wpforms-css-vars-455-block-f45b9c6b-62c3-402b-8171-8a86891d594b\">\n\t\t\t\t#wpforms-455.wpforms-block-f45b9c6b-62c3-402b-8171-8a86891d594b {\n\t\t\t\t--wpforms-label-color: rgba(0, 0, 0, 0.85);\n--wpforms-label-sublabel-color: rgba(0, 0, 0, 0.55);\n--wpforms-field-border-color: #961848;\n--wpforms-field-border-color-spare: #961848;\n--wpforms-field-text-color: #030303;\n--wpforms-button-background-color: 961848;\n--wpforms-button-border-color: #000000;\n--wpforms-field-border-style: dotted;\n--wpforms-label-error-color: 961848;\n--wpforms-field-size-input-height: 43px;\n--wpforms-field-size-input-spacing: 15px;\n--wpforms-field-size-font-size: 16px;\n--wpforms-field-size-line-height: 19px;\n--wpforms-field-size-padding-h: 14px;\n--wpforms-field-size-checkbox-size: 16px;\n--wpforms-field-size-sublabel-spacing: 5px;\n--wpforms-field-size-icon-size: 1;\n--wpforms-label-size-font-size: 16px;\n--wpforms-label-size-line-height: 19px;\n--wpforms-label-size-sublabel-font-size: 14px;\n--wpforms-label-size-sublabel-line-height: 17px;\n--wpforms-button-size-font-size: 17px;\n--wpforms-button-size-height: 41px;\n--wpforms-button-size-padding-h: 15px;\n--wpforms-button-size-margin-top: 10px;\n\t\t\t}\n\t\t\t<\/style><div class=\"wpforms-container wpforms-container-full wpforms-block wpforms-block-f45b9c6b-62c3-402b-8171-8a86891d594b wpforms-render-modern\" id=\"wpforms-455\"><form id=\"wpforms-form-455\" class=\"wpforms-validate wpforms-form\" data-formid=\"455\" method=\"post\" enctype=\"multipart\/form-data\" action=\"\/index.php\/wp-json\/wp\/v2\/pages\/462\" data-token=\"ab31471d547a0d0fcc3c9cf0925df7c7\" data-token-time=\"1776613226\"><noscript class=\"wpforms-error-noscript\">Schakel JavaScript in je browser in om dit formulier in te vullen.<\/noscript><div id=\"wpforms-error-noscript\" style=\"display: none;\">Schakel JavaScript in je browser in om dit formulier in te vullen.<\/div><div class=\"wpforms-field-container\"><div id=\"wpforms-455-field_1-container\" class=\"wpforms-field wpforms-field-name\" data-field-id=\"1\"><label class=\"wpforms-field-label\" for=\"wpforms-455-field_1\">Naam <span class=\"wpforms-required-label\" aria-hidden=\"true\">*<\/span><\/label><input type=\"text\" id=\"wpforms-455-field_1\" class=\"wpforms-field-medium wpforms-field-required\" name=\"wpforms[fields][1]\" aria-errormessage=\"wpforms-455-field_1-error\" aria-describedby=\"wpforms-455-field_1-description\" required><div id=\"wpforms-455-field_1-description\" class=\"wpforms-field-description\">Voor- en achternaam aanvrager<\/div><\/div>\t\t<div id=\"wpforms-455-field_3-container\"\n\t\t\tclass=\"wpforms-field wpforms-field-text\"\n\t\t\tdata-field-type=\"text\"\n\t\t\tdata-field-id=\"3\"\n\t\t\t>\n\t\t\t<label class=\"wpforms-field-label\" for=\"wpforms-455-field_3\" >Naam Waarde cadeaubon<\/label>\n\t\t\t<input type=\"text\" id=\"wpforms-455-field_3\" class=\"wpforms-field-medium\" name=\"wpforms[fields][3]\" >\n\t\t<\/div>\n\t\t<div id=\"wpforms-455-field_2-container\" class=\"wpforms-field wpforms-field-email\" data-field-id=\"2\"><label class=\"wpforms-field-label\" for=\"wpforms-455-field_2\">Emailadres <span class=\"wpforms-required-label\" aria-hidden=\"true\">*<\/span><\/label><input type=\"email\" id=\"wpforms-455-field_2\" class=\"wpforms-field-medium wpforms-field-required\" name=\"wpforms[fields][2]\" spellcheck=\"false\" aria-errormessage=\"wpforms-455-field_2-error\" aria-describedby=\"wpforms-455-field_2-description\" required><div id=\"wpforms-455-field_2-description\" class=\"wpforms-field-description\">Vul in naar welk emailadres de cadeaubon verstuurd mag worden<\/div><\/div><div id=\"wpforms-455-field_7-container\" class=\"wpforms-field wpforms-field-text\" data-field-id=\"7\"><label class=\"wpforms-field-label\" for=\"wpforms-455-field_7\">Naam hond <span class=\"wpforms-required-label\" aria-hidden=\"true\">*<\/span><\/label><input type=\"text\" id=\"wpforms-455-field_7\" class=\"wpforms-field-medium wpforms-field-required\" name=\"wpforms[fields][7]\" aria-errormessage=\"wpforms-455-field_7-error\" aria-describedby=\"wpforms-455-field_7-description\" required><div id=\"wpforms-455-field_7-description\" class=\"wpforms-field-description\">Deze naam komt op de cadeaubon te staan<\/div><\/div><div id=\"wpforms-455-field_5-container\" class=\"wpforms-field wpforms-field-payment-select wpforms-field-select-style-classic\" data-field-id=\"5\"><label class=\"wpforms-field-label\" for=\"wpforms-455-field_5\">Waarde van de cadeaubon <span class=\"wpforms-required-label\" aria-hidden=\"true\">*<\/span><\/label><select id=\"wpforms-455-field_5\" class=\"wpforms-payment-price wpforms-field-medium wpforms-field-required\" name=\"wpforms[fields][5]\" required=\"required\"><option value=\"\" class=\"placeholder\" disabled  selected='selected'>&#8212; Select Choice &#8212;<\/option><option value=\"5\" data-amount=\"0.00\" >\u20ac15 (1x spelen)<\/option><option value=\"3\" data-amount=\"0.00\" >\u20ac30 (2x spelen)<\/option><option value=\"4\" data-amount=\"0.00\" >\u20ac45 (3x spelen)<\/option><option value=\"6\" data-amount=\"0.00\" >\u20ac60 (4x spelen)<\/option><option value=\"7\" data-amount=\"0.00\" >\u20ac75 (5x spelen)<\/option><option value=\"8\" data-amount=\"0.00\" >\u20ac135 (10x spelen)<\/option><\/select><div id=\"wpforms-455-field_5-description\" class=\"wpforms-field-description\">Kies het gewenste bedrag (\u20ac15 per speelsessie)<\/div><\/div><div id=\"wpforms-455-field_9-container\" class=\"wpforms-field wpforms-field-checkbox\" data-field-id=\"9\"><fieldset><legend class=\"wpforms-field-label\">Privacyverklaring <span class=\"wpforms-required-label\" aria-hidden=\"true\">*<\/span><\/legend><ul id=\"wpforms-455-field_9\" class=\"wpforms-field-required\"><li class=\"choice-1 depth-1\"><input type=\"checkbox\" id=\"wpforms-455-field_9_1\" name=\"wpforms[fields][9][]\" value=\"Ik ga akkoord met de privacyverklaring*  van Dadide.nl\" aria-errormessage=\"wpforms-455-field_9_1-error\" required ><label class=\"wpforms-field-label-inline\" for=\"wpforms-455-field_9_1\">Ik ga akkoord met de privacyverklaring*  van Dadide.nl<\/label><\/li><\/ul><\/fieldset><\/div><script>\n\t\t\t\t( function() {\n\t\t\t\t\tconst style = document.createElement( 'style' );\n\t\t\t\t\tstyle.appendChild( document.createTextNode( '#wpforms-455-field_3-container { position: absolute !important; overflow: hidden !important; display: inline !important; height: 1px !important; width: 1px !important; z-index: -1000 !important; padding: 0 !important; } #wpforms-455-field_3-container input { visibility: hidden; } #wpforms-conversational-form-page #wpforms-455-field_3-container label { counter-increment: none; }' ) );\n\t\t\t\t\tdocument.head.appendChild( style );\n\t\t\t\t\tdocument.currentScript?.remove();\n\t\t\t\t} )();\n\t\t\t<\/script><\/div><!-- .wpforms-field-container --><div class=\"wpforms-submit-container\" ><input type=\"hidden\" name=\"wpforms[id]\" value=\"455\"><input type=\"hidden\" name=\"page_title\" value=\"\"><input type=\"hidden\" name=\"page_url\" value=\"https:\/\/dadide.nl\/index.php\/wp-json\/wp\/v2\/pages\/462\"><input type=\"hidden\" name=\"url_referer\" value=\"\"><button type=\"submit\" name=\"wpforms[submit]\" id=\"wpforms-submit-455\" class=\"wpforms-submit\" data-alt-text=\"Wordt verzonden...\" data-submit-text=\"Verzend\" aria-live=\"assertive\" value=\"wpforms-submit\">Verzend<\/button><\/div><\/form><\/div>  <!-- .wpforms-container -->\n\n\n<p>* Klik <a href=\"https:\/\/dadide.nl\/index.php\/privacyverklaring-dadide\/\" data-type=\"page\" data-id=\"589\">hier<\/a> om de privacyverklaring te bekijken<\/p>\n\n\n\n<p><\/p>\n\n\n\n<p><\/p>\n\n\n\n<h2 class=\"wp-block-heading\">2. <strong>Eenvoudig betalen<\/strong><\/h2>\n\n\n\n<h3 class=\"wp-block-heading\"><strong>Via betaallink<\/strong><\/h3>\n\n\n\n<p>Klik hieronder op het gewenste bedrag \/ aantal speelsessies om eenvoudig via iDEAL te betalen.<\/p>\n\n\n\n<ul class=\"wp-block-list\">\n<li><a href=\"https:\/\/betaalverzoek.knab.nl\/-AS5g0y4bZ5MUQTo\">\u20ac15 \u2013 1 speelsessie<\/a><\/li>\n\n\n\n<li><a href=\"https:\/\/betaalverzoek.knab.nl\/EZxmgt6ZGQ-iN3hs\">\u20ac30 \u2013 2 speelsessies<\/a><\/li>\n\n\n\n<li><a href=\"https:\/\/betaalverzoek.knab.nl\/pqiUHhf8JU_gLAqv\">\u20ac45 \u2013 3 speelsessies<\/a><\/li>\n\n\n\n<li><a href=\"https:\/\/betaalverzoek.knab.nl\/ng1IwxgPQa1hBa-V\">\u20ac60 \u2013 4 speelsessies<\/a><\/li>\n\n\n\n<li><a href=\"https:\/\/betaalverzoek.knab.nl\/ayO73pdI2E9YDpV_\">\u20ac75 \u2013 5 speelsessies<\/a><\/li>\n<\/ul>\n\n\n\n<p><strong>Voordeelpakket: Strippenkaart 10 keer spelen \u2013 \u20ac135 (10% korting)<\/strong><br>Wil je iemand echt overladen met speelplezier voor zijn hond? Geef dan de <strong>strippenkaart voor 10 bezoeken<\/strong>! Zo kan de ontvanger samen met zijn hond maar liefst 10 keer genieten van de veilige en stimulerende hondenspeeltuin van Dadid\u00e9. Elke sessie is <strong>\u00e9\u00e9n-op-\u00e9\u00e9n met begeleiding<\/strong>, zodat de hond veilig en optimaal kan spelen. De prijs is inclusief 10% korting. Het ideale cadeau voor een actieve hond en zijn baas die vaak willen spelen en ontdekken.<\/p>\n\n\n\n<ul class=\"wp-block-list\">\n<li><a href=\"https:\/\/betaalverzoek.knab.nl\/YmSDE_OO_ngbO0lp\">\u20ac135 \u2013 10 speelsessies<\/a><\/li>\n<\/ul>\n\n\n\n<h3 class=\"wp-block-heading\"><strong>Per overschrijving<\/strong><\/h3>\n\n\n\n<p>Je kunt het bedrag ook zelf overmaken naar <strong>NL13 KNAB 0775 5215 58<\/strong>, t.n.v. <strong>Kuzari<\/strong>, onder vermelding van <strong>\u201cDadid\u00e9 Cadeaubon\u201d<\/strong>.<\/p>\n\n\n\n<hr class=\"wp-block-separator has-alpha-channel-opacity\"\/>\n\n\n\n<h2 class=\"wp-block-heading\"><strong>Waarom een Cadeaubon van Dadid\u00e9?<\/strong><\/h2>\n\n\n\n<ul class=\"wp-block-list\">\n<li>Een uniek cadeau voor een hond \u00e9n zijn baas<\/li>\n\n\n\n<li>Toegang tot een veilige, <strong>omheinde<\/strong> en <strong>stimulerende<\/strong> hondenspeeltuin<\/li>\n\n\n\n<li>Altijd <strong>\u00e9\u00e9n-op-\u00e9\u00e9n met begeleiding<\/strong>, nooit meerdere honden tegelijk<\/li>\n\n\n\n<li>Altijd leuk voor een hond die graag rent, speelt en ontdekt<\/li>\n\n\n\n<li>Digitaal: geen verzendkosten, direct te gebruiken<\/li>\n\n\n\n<li>Perfect voor verjaardagen, feestdagen of als bedankje<\/li>\n<\/ul>\n","protected":false},"excerpt":{"rendered":"<p>Wil je een origineel cadeau geven aan iemand met een hond? Met de Cadeaubon van Dadid\u00e9 geef je een unieke ervaring: een veilige, afgesloten en stimulerende hondenspeeltuin waar \u00e9\u00e9n hond per sessie, altijd met begeleiding, kan rennen, spelen, snuffelen en ontdekken! Het ideale cadeau voor de hond \u00e9n zijn baas. Over de Cadeaubon Op de [&hellip;]<\/p>\n","protected":false},"author":1,"featured_media":0,"parent":0,"menu_order":0,"comment_status":"closed","ping_status":"closed","template":"","meta":{"_gspb_post_css":"","_uag_custom_page_level_css":"","ocean_post_layout":"","ocean_both_sidebars_style":"","ocean_both_sidebars_content_width":0,"ocean_both_sidebars_sidebars_width":0,"ocean_sidebar":"","ocean_second_sidebar":"","ocean_disable_margins":"enable","ocean_add_body_class":"","ocean_shortcode_before_top_bar":"","ocean_shortcode_after_top_bar":"","ocean_shortcode_before_header":"","ocean_shortcode_after_header":"","ocean_has_shortcode":"","ocean_shortcode_after_title":"","ocean_shortcode_before_footer_widgets":"","ocean_shortcode_after_footer_widgets":"","ocean_shortcode_before_footer_bottom":"","ocean_shortcode_after_footer_bottom":"","ocean_display_top_bar":"default","ocean_display_header":"default","ocean_header_style":"","ocean_center_header_left_menu":"","ocean_custom_header_template":"","ocean_custom_logo":0,"ocean_custom_retina_logo":0,"ocean_custom_logo_max_width":0,"ocean_custom_logo_tablet_max_width":0,"ocean_custom_logo_mobile_max_width":0,"ocean_custom_logo_max_height":0,"ocean_custom_logo_tablet_max_height":0,"ocean_custom_logo_mobile_max_height":0,"ocean_header_custom_menu":"","ocean_menu_typo_font_family":"","ocean_menu_typo_font_subset":"","ocean_menu_typo_font_size":0,"ocean_menu_typo_font_size_tablet":0,"ocean_menu_typo_font_size_mobile":0,"ocean_menu_typo_font_size_unit":"px","ocean_menu_typo_font_weight":"","ocean_menu_typo_font_weight_tablet":"","ocean_menu_typo_font_weight_mobile":"","ocean_menu_typo_transform":"","ocean_menu_typo_transform_tablet":"","ocean_menu_typo_transform_mobile":"","ocean_menu_typo_line_height":0,"ocean_menu_typo_line_height_tablet":0,"ocean_menu_typo_line_height_mobile":0,"ocean_menu_typo_line_height_unit":"","ocean_menu_typo_spacing":0,"ocean_menu_typo_spacing_tablet":0,"ocean_menu_typo_spacing_mobile":0,"ocean_menu_typo_spacing_unit":"","ocean_menu_link_color":"","ocean_menu_link_color_hover":"","ocean_menu_link_color_active":"","ocean_menu_link_background":"","ocean_menu_link_hover_background":"","ocean_menu_link_active_background":"","ocean_menu_social_links_bg":"","ocean_menu_social_hover_links_bg":"","ocean_menu_social_links_color":"","ocean_menu_social_hover_links_color":"","ocean_disable_title":"default","ocean_disable_heading":"default","ocean_post_title":"","ocean_post_subheading":"","ocean_post_title_style":"","ocean_post_title_background_color":"","ocean_post_title_background":0,"ocean_post_title_bg_image_position":"","ocean_post_title_bg_image_attachment":"","ocean_post_title_bg_image_repeat":"","ocean_post_title_bg_image_size":"","ocean_post_title_height":0,"ocean_post_title_bg_overlay":0.5,"ocean_post_title_bg_overlay_color":"","ocean_disable_breadcrumbs":"default","ocean_breadcrumbs_color":"","ocean_breadcrumbs_separator_color":"","ocean_breadcrumbs_links_color":"","ocean_breadcrumbs_links_hover_color":"","ocean_display_footer_widgets":"default","ocean_display_footer_bottom":"default","ocean_custom_footer_template":"","footnotes":""},"class_list":["post-462","page","type-page","status-publish","hentry","entry"],"uagb_featured_image_src":{"full":false,"thumbnail":false,"medium":false,"medium_large":false,"large":false,"1536x1536":false,"2048x2048":false,"ocean-thumb-m":false,"ocean-thumb-ml":false,"ocean-thumb-l":false},"uagb_author_info":{"display_name":"Jenny","author_link":"https:\/\/dadide.nl\/index.php\/author\/jenny\/"},"uagb_comment_info":0,"uagb_excerpt":"Wil je een origineel cadeau geven aan iemand met een hond? Met de Cadeaubon van Dadid\u00e9 geef je een unieke ervaring: een veilige, afgesloten en stimulerende hondenspeeltuin waar \u00e9\u00e9n hond per sessie, altijd met begeleiding, kan rennen, spelen, snuffelen en ontdekken! Het ideale cadeau voor de hond \u00e9n zijn baas. Over de Cadeaubon Op de&hellip;","_links":{"self":[{"href":"https:\/\/dadide.nl\/index.php\/wp-json\/wp\/v2\/pages\/462","targetHints":{"allow":["GET"]}}],"collection":[{"href":"https:\/\/dadide.nl\/index.php\/wp-json\/wp\/v2\/pages"}],"about":[{"href":"https:\/\/dadide.nl\/index.php\/wp-json\/wp\/v2\/types\/page"}],"author":[{"embeddable":true,"href":"https:\/\/dadide.nl\/index.php\/wp-json\/wp\/v2\/users\/1"}],"replies":[{"embeddable":true,"href":"https:\/\/dadide.nl\/index.php\/wp-json\/wp\/v2\/comments?post=462"}],"version-history":[{"count":33,"href":"https:\/\/dadide.nl\/index.php\/wp-json\/wp\/v2\/pages\/462\/revisions"}],"predecessor-version":[{"id":1089,"href":"https:\/\/dadide.nl\/index.php\/wp-json\/wp\/v2\/pages\/462\/revisions\/1089"}],"wp:attachment":[{"href":"https:\/\/dadide.nl\/index.php\/wp-json\/wp\/v2\/media?parent=462"}],"curies":[{"name":"wp","href":"https:\/\/api.w.org\/{rel}","templated":true}]}}